{"id":374,"date":"2024-08-29T16:34:41","date_gmt":"2024-08-29T16:34:41","guid":{"rendered":"https:\/\/manias.it\/?page_id=374"},"modified":"2024-08-30T07:41:24","modified_gmt":"2024-08-30T07:41:24","slug":"confezioni-sostenibili","status":"publish","type":"page","link":"https:\/\/manias.it\/index.php\/confezioni-sostenibili\/","title":{"rendered":"sostenibilit\u00e0"},"content":{"rendered":"<p><div class=\"fusion-fullwidth fullwidth-box fusion-builder-row-1 fusion-flex-container has-pattern-background has-mask-background nonhundred-percent-fullwidth non-hundred-percent-height-scrolling\" style=\"--awb-border-radius-top-left:0px;--awb-border-radius-top-right:0px;--awb-border-radius-bottom-right:0px;--awb-border-radius-bottom-left:0px;--awb-margin-top:0px;--awb-margin-bottom:0px;--awb-flex-wrap:wrap;\" ><div class=\"fusion-builder-row fusion-row fusion-flex-align-items-stretch fusion-flex-content-wrap\" style=\"max-width:calc( 1200px + 0px );margin-left: calc(-0px \/ 2 );margin-right: calc(-0px \/ 2 );\"><div class=\"fusion-layout-column fusion_builder_column fusion-builder-column-0 fusion_builder_column_1_2 1_2 fusion-flex-column\" style=\"--awb-padding-top:40px;--awb-padding-right:40px;--awb-padding-left:40px;--awb-bg-color:var(--awb-color1);--awb-bg-color-hover:var(--awb-color1);--awb-bg-size:cover;--awb-width-large:50%;--awb-margin-top-large:0px;--awb-spacing-right-large:0px;--awb-margin-bottom-large:0px;--awb-spacing-left-large:0px;--awb-width-medium:50%;--awb-order-medium:0;--awb-spacing-right-medium:0px;--awb-spacing-left-medium:0px;--awb-width-small:100%;--awb-order-small:0;--awb-spacing-right-small:0px;--awb-spacing-left-small:0px;\"><div class=\"fusion-column-wrapper fusion-column-has-shadow fusion-flex-justify-content-flex-start fusion-content-layout-column\"><div class=\"fusion-title title fusion-title-1 fusion-sep-none fusion-title-text fusion-title-size-one fusion-animated\" style=\"--awb-text-color:#000000;\" data-animationType=\"fadeInLeft\" data-animationDuration=\"0.8\" data-animationDelay=\"1.0\" data-animationOffset=\"top-into-view\"><h1 class=\"fusion-title-heading title-heading-left\" style=\"margin:0;\">Confezioni Sostenibili<\/h1><\/div><div class=\"fusion-separator\" style=\"align-self: flex-start;margin-right:auto;width:100%;max-width:40%;\"><div class=\"fusion-separator-border sep-single sep-solid\" style=\"--awb-height:20px;--awb-amount:20px;--awb-sep-color:var(--awb-color8);border-color:var(--awb-color8);border-top-width:3px;\"><\/div><\/div><div class=\"fusion-text fusion-text-1 fusion-animated\" style=\"--awb-margin-top:30px;\" data-animationType=\"fadeInLeft\" data-animationDuration=\"1.0\" data-animationDelay=\"1.2\" data-animationOffset=\"top-into-view\"><p>La sostenibilit\u00e0 \u00e8 il cuore della nostra filosofia aziendale. In qualit\u00e0 di industria cartotecnica, siamo consapevoli dell&#8217;impatto ambientale del nostro settore e ci impegniamo a ridurlo attraverso pratiche responsabili e innovative. Utilizziamo materiali certificati e provenienti da fonti rinnovabili, minimizzando gli sprechi e ottimizzando l&#8217;uso delle risorse in ogni fase della produzione.<\/p>\n<p>&nbsp;<\/p>\n<\/div><div ><a class=\"fusion-button button-flat fusion-button-default-size button-custom fusion-button-default button-1 fusion-button-default-span fusion-animated fusion-has-button-gradient\" style=\"--button_accent_color:var(--awb-color8);--button_border_color:var(--awb-color8);--button_accent_hover_color:var(--awb-color1);--button_border_hover_color:var(--awb-color1);--button_border_width-top:2px;--button_border_width-right:2px;--button_border_width-bottom:2px;--button_border_width-left:2px;--button-border-radius-top-left:0PX;--button-border-radius-top-right:0PX;--button-border-radius-bottom-right:0PX;--button-border-radius-bottom-left:0PX;--button_gradient_top_color:var(--awb-color3);--button_gradient_bottom_color:var(--awb-color1);--button_gradient_top_color_hover:hsla(var(--awb-color4-h),calc(var(--awb-color4-s) - 5%),calc(var(--awb-color4-l) - 10%),var(--awb-color4-a));--button_gradient_bottom_color_hover:hsla(var(--awb-color4-h),calc(var(--awb-color4-s) - 5%),calc(var(--awb-color4-l) - 10%),var(--awb-color4-a));\" data-animationType=\"fadeIn\" data-animationDuration=\"0.3\" data-animationDelay=\"0.5\" data-animationOffset=\"top-into-view\" target=\"_self\" data-hover=\"text_slide_down\" href=\"https:\/\/manias.it\/index.php\/manias-contatti\/\"><div class=\"awb-button-text-transition\"><span class=\"fusion-button-text\">chiedici un preventivo<\/span><span class=\"fusion-button-text\">chiedici un preventivo<\/span><\/div><\/a><\/div>\n<\/div><\/div><div class=\"fusion-layout-column fusion_builder_column fusion-builder-column-1 fusion_builder_column_1_2 1_2 fusion-flex-column\" style=\"--awb-bg-size:cover;--awb-transform-origin:26% 49%;--awb-transition:filter 900ms ease, transform 900ms ease, background-color 900ms ease, border-color 900ms ease;--awb-width-large:50%;--awb-margin-top-large:0px;--awb-spacing-right-large:0px;--awb-margin-bottom-large:0px;--awb-spacing-left-large:0px;--awb-width-medium:50%;--awb-order-medium:0;--awb-spacing-right-medium:0px;--awb-spacing-left-medium:0px;--awb-width-small:100%;--awb-order-small:0;--awb-spacing-right-small:0px;--awb-spacing-left-small:0px;\"><div class=\"fusion-column-wrapper fusion-column-has-shadow fusion-flex-justify-content-flex-start fusion-content-layout-column\"><div class=\"fusion-image-element \" style=\"--awb-caption-title-font-family:var(--h2_typography-font-family);--awb-caption-title-font-weight:var(--h2_typography-font-weight);--awb-caption-title-font-style:var(--h2_typography-font-style);--awb-caption-title-size:var(--h2_typography-font-size);--awb-caption-title-transform:var(--h2_typography-text-transform);--awb-caption-title-line-height:var(--h2_typography-line-height);--awb-caption-title-letter-spacing:var(--h2_typography-letter-spacing);\"><span class=\" fusion-imageframe imageframe-none imageframe-1 hover-type-none fusion-animated\" data-animationType=\"fadeInRight\" data-animationDuration=\"0.9\" data-animationDelay=\"0.5\" data-animationOffset=\"top-into-view\"><img decoding=\"async\" width=\"800\" height=\"800\" alt=\"confezioni-sostenibili\" title=\"confezioni-sostenibili\" src=\"https:\/\/manias.it\/wp-content\/uploads\/2024\/08\/confezioni-sostenibili.webp\" class=\"img-responsive wp-image-378\" srcset=\"https:\/\/manias.it\/wp-content\/uploads\/2024\/08\/confezioni-sostenibili-66x66.webp 66w, https:\/\/manias.it\/wp-content\/uploads\/2024\/08\/confezioni-sostenibili-150x150.webp 150w, https:\/\/manias.it\/wp-content\/uploads\/2024\/08\/confezioni-sostenibili-200x200.webp 200w, https:\/\/manias.it\/wp-content\/uploads\/2024\/08\/confezioni-sostenibili-300x300.webp 300w, https:\/\/manias.it\/wp-content\/uploads\/2024\/08\/confezioni-sostenibili-400x400.webp 400w, https:\/\/manias.it\/wp-content\/uploads\/2024\/08\/confezioni-sostenibili-600x600.webp 600w, https:\/\/manias.it\/wp-content\/uploads\/2024\/08\/confezioni-sostenibili-768x768.webp 768w, https:\/\/manias.it\/wp-content\/uploads\/2024\/08\/confezioni-sostenibili.webp 800w\" sizes=\"(max-width: 640px) 100vw, 800px\" \/><\/span><\/div><\/div><\/div><\/div><\/div><div class=\"fusion-fullwidth fullwidth-box fusion-builder-row-2 fusion-flex-container has-pattern-background has-mask-background nonhundred-percent-fullwidth non-hundred-percent-height-scrolling\" style=\"--awb-border-radius-top-left:0px;--awb-border-radius-top-right:0px;--awb-border-radius-bottom-right:0px;--awb-border-radius-bottom-left:0px;--awb-margin-top:0px;--awb-margin-bottom:0px;--awb-flex-wrap:wrap;\" ><div class=\"fusion-builder-row fusion-row fusion-flex-align-items-stretch fusion-flex-justify-content-center fusion-flex-content-wrap\" style=\"max-width:calc( 1200px + 0px );margin-left: calc(-0px \/ 2 );margin-right: calc(-0px \/ 2 );\"><div class=\"fusion-layout-column fusion_builder_column fusion-builder-column-2 fusion_builder_column_1_2 1_2 fusion-flex-column fusion-flex-align-self-stretch\" style=\"--awb-bg-color:var(--awb-color1);--awb-bg-color-hover:var(--awb-color1);--awb-bg-size:cover;--awb-width-large:50%;--awb-margin-top-large:0px;--awb-spacing-right-large:0px;--awb-margin-bottom-large:0px;--awb-spacing-left-large:0px;--awb-width-medium:50%;--awb-order-medium:0;--awb-spacing-right-medium:0px;--awb-spacing-left-medium:0px;--awb-width-small:100%;--awb-order-small:0;--awb-spacing-right-small:0px;--awb-spacing-left-small:0px;\"><div class=\"fusion-column-wrapper fusion-column-has-shadow fusion-flex-justify-content-space-around fusion-content-layout-column\"><div class=\"fusion-text fusion-text-2\"><\/div><div class=\"fusion-image-element \" style=\"--awb-caption-title-font-family:var(--h2_typography-font-family);--awb-caption-title-font-weight:var(--h2_typography-font-weight);--awb-caption-title-font-style:var(--h2_typography-font-style);--awb-caption-title-size:var(--h2_typography-font-size);--awb-caption-title-transform:var(--h2_typography-text-transform);--awb-caption-title-line-height:var(--h2_typography-line-height);--awb-caption-title-letter-spacing:var(--h2_typography-letter-spacing);\"><span class=\" fusion-imageframe imageframe-none imageframe-2 hover-type-none fusion-animated\" data-animationType=\"fadeInUp\" data-animationDuration=\"0.7\" data-animationDelay=\"0.9\" data-animationOffset=\"top-into-view\"><img decoding=\"async\" width=\"800\" height=\"800\" title=\"confezioni-sostenibili2\" src=\"https:\/\/manias.it\/wp-content\/uploads\/2024\/08\/confezioni-sostenibili2.jpg\" alt class=\"img-responsive wp-image-379\" srcset=\"https:\/\/manias.it\/wp-content\/uploads\/2024\/08\/confezioni-sostenibili2-200x200.jpg 200w, https:\/\/manias.it\/wp-content\/uploads\/2024\/08\/confezioni-sostenibili2-400x400.jpg 400w, https:\/\/manias.it\/wp-content\/uploads\/2024\/08\/confezioni-sostenibili2-600x600.jpg 600w, https:\/\/manias.it\/wp-content\/uploads\/2024\/08\/confezioni-sostenibili2.jpg 800w\" sizes=\"(max-width: 640px) 100vw, 800px\" \/><\/span><\/div><\/div><\/div><div class=\"fusion-layout-column fusion_builder_column fusion-builder-column-3 fusion_builder_column_1_2 1_2 fusion-flex-column fusion-flex-align-self-stretch\" style=\"--awb-padding-top:116px;--awb-padding-left:29px;--awb-bg-color:var(--awb-color7);--awb-bg-color-hover:var(--awb-color7);--awb-bg-size:cover;--awb-width-large:50%;--awb-margin-top-large:0px;--awb-spacing-right-large:0px;--awb-margin-bottom-large:0px;--awb-spacing-left-large:0px;--awb-width-medium:50%;--awb-order-medium:0;--awb-spacing-right-medium:0px;--awb-spacing-left-medium:0px;--awb-width-small:100%;--awb-order-small:0;--awb-spacing-right-small:0px;--awb-spacing-left-small:0px;\"><div class=\"fusion-column-wrapper fusion-column-has-shadow fusion-flex-justify-content-space-evenly fusion-content-layout-column\"><div class=\"fusion-title title fusion-title-2 fusion-sep-none fusion-title-text fusion-title-size-one fusion-animated\" style=\"--awb-text-color:var(--awb-color1);\" data-animationType=\"fadeInLeft\" data-animationDuration=\"0.8\" data-animationDelay=\"1.0\" data-animationOffset=\"top-into-view\"><h1 class=\"fusion-title-heading title-heading-left\" style=\"margin:0;\">Sostenibilit\u00e0, un valore aggiunto per i prodotti<\/h1><\/div><div class=\"fusion-separator\" style=\"align-self: flex-start;margin-right:auto;margin-bottom:30px;width:100%;max-width:40%;\"><div class=\"fusion-separator-border sep-single sep-solid\" style=\"--awb-height:20px;--awb-amount:20px;--awb-sep-color:var(--awb-color2);border-color:var(--awb-color2);border-top-width:3px;\"><\/div><\/div><div class=\"fusion-text fusion-text-3 fusion-animated\" data-animationType=\"fadeInLeft\" data-animationDuration=\"1.0\" data-animationDelay=\"1.2\" data-animationOffset=\"top-into-view\"><p style=\"color: var(--awb-color1);\">Il nostro obiettivo \u00e8 offrire soluzioni di packaging che non solo rispondano alle esigenze dei clienti, ma che rispettino anche il pianeta. La nostra dedizione alla sostenibilit\u00e0 si riflette in ogni decisione, perch\u00e9 crediamo che un futuro migliore sia possibile solo attraverso un impegno concreto e condiviso.<\/p>\n<\/div><div ><a class=\"fusion-button button-flat fusion-button-default-size button-custom fusion-button-default button-2 fusion-button-default-span fusion-animated fusion-has-button-gradient\" style=\"--button_accent_color:var(--awb-color8);--button_border_color:var(--awb-color8);--button_accent_hover_color:var(--awb-color1);--button_border_hover_color:var(--awb-color1);--button_border_width-top:2px;--button_border_width-right:2px;--button_border_width-bottom:2px;--button_border_width-left:2px;--button-border-radius-top-left:0PX;--button-border-radius-top-right:0PX;--button-border-radius-bottom-right:0PX;--button-border-radius-bottom-left:0PX;--button_gradient_top_color:var(--awb-color3);--button_gradient_bottom_color:var(--awb-color1);--button_gradient_top_color_hover:hsla(var(--awb-color4-h),calc(var(--awb-color4-s) - 5%),calc(var(--awb-color4-l) - 10%),var(--awb-color4-a));--button_gradient_bottom_color_hover:hsla(var(--awb-color4-h),calc(var(--awb-color4-s) - 5%),calc(var(--awb-color4-l) - 10%),var(--awb-color4-a));\" data-animationType=\"fadeIn\" data-animationDuration=\"0.3\" data-animationDelay=\"0.5\" data-animationOffset=\"top-into-view\" target=\"_self\" data-hover=\"text_slide_down\" href=\"https:\/\/manias.it\/index.php\/manias-contatti\/\"><div class=\"awb-button-text-transition\"><span class=\"fusion-button-text\">chiedici un preventivo<\/span><span class=\"fusion-button-text\">chiedici un preventivo<\/span><\/div><\/a><\/div>\n<div class=\"fusion-text fusion-text-4\"><\/div><\/div><\/div><\/div><\/div><div class=\"fusion-fullwidth fullwidth-box fusion-builder-row-3 fusion-flex-container has-pattern-background has-mask-background nonhundred-percent-fullwidth non-hundred-percent-height-scrolling\" style=\"--awb-border-radius-top-left:0px;--awb-border-radius-top-right:0px;--awb-border-radius-bottom-right:0px;--awb-border-radius-bottom-left:0px;--awb-margin-top:0px;--awb-margin-bottom:0px;--awb-flex-wrap:wrap;\" id=\"scatole-vino\" ><div class=\"fusion-builder-row fusion-row fusion-flex-align-items-stretch fusion-flex-content-wrap\" style=\"max-width:calc( 1200px + 0px );margin-left: calc(-0px \/ 2 );margin-right: calc(-0px \/ 2 );\"><div class=\"fusion-layout-column fusion_builder_column fusion-builder-column-4 fusion_builder_column_1_2 1_2 fusion-flex-column\" style=\"--awb-padding-top:40px;--awb-padding-right:40px;--awb-padding-left:40px;--awb-bg-color:var(--awb-color7);--awb-bg-color-hover:var(--awb-color7);--awb-bg-size:cover;--awb-width-large:50%;--awb-margin-top-large:0px;--awb-spacing-right-large:0px;--awb-margin-bottom-large:0px;--awb-spacing-left-large:0px;--awb-width-medium:50%;--awb-order-medium:0;--awb-spacing-right-medium:0px;--awb-spacing-left-medium:0px;--awb-width-small:100%;--awb-order-small:0;--awb-spacing-right-small:0px;--awb-spacing-left-small:0px;\"><div class=\"fusion-column-wrapper fusion-column-has-shadow fusion-flex-justify-content-flex-start fusion-content-layout-column\"><div class=\"fusion-title title fusion-title-3 fusion-sep-none fusion-title-text fusion-title-size-one fusion-animated\" style=\"--awb-text-color:#ffffff;\" data-animationType=\"fadeInLeft\" data-animationDuration=\"0.8\" data-animationDelay=\"1.0\" data-animationOffset=\"top-into-view\"><h1 class=\"fusion-title-heading title-heading-left\" style=\"margin:0;\">CERTIFICAZIONE FSC\u00ae<\/h1><\/div><div class=\"fusion-separator\" style=\"align-self: flex-start;margin-right:auto;width:100%;max-width:40%;\"><div class=\"fusion-separator-border sep-single sep-solid\" style=\"--awb-height:20px;--awb-amount:20px;--awb-sep-color:rgba(243,243,243,0.7);border-color:rgba(243,243,243,0.7);border-top-width:3px;\"><\/div><\/div><div class=\"fusion-text fusion-text-5 fusion-animated\" style=\"--awb-text-color:var(--awb-color1);--awb-margin-top:30px;\" data-animationType=\"fadeInLeft\" data-animationDuration=\"1.0\" data-animationDelay=\"1.2\" data-animationOffset=\"top-into-view\"><p style=\"color: var(--awb-color3);\">La nostra certificazione FSC garantisce che i materiali utilizzati provengono da foreste gestite in modo responsabile e sostenibile. Questo riconoscimento riflette il nostro impegno per la tutela dell\u2019ambiente e per la promozione di pratiche forestali etiche, assicurando ai nostri clienti prodotti rispettosi delle risorse naturali.<\/p>\n<ul>\n<\/ul>\n<\/div><div class=\"fusion-image-element \" style=\"--awb-caption-title-font-family:var(--h2_typography-font-family);--awb-caption-title-font-weight:var(--h2_typography-font-weight);--awb-caption-title-font-style:var(--h2_typography-font-style);--awb-caption-title-size:var(--h2_typography-font-size);--awb-caption-title-transform:var(--h2_typography-text-transform);--awb-caption-title-line-height:var(--h2_typography-line-height);--awb-caption-title-letter-spacing:var(--h2_typography-letter-spacing);\"><span class=\" fusion-imageframe imageframe-none imageframe-3 hover-type-none\"><a class=\"fusion-no-lightbox\" href=\"https:\/\/manias.it\/wp-content\/uploads\/2024\/08\/FSC-Certificate-Manias-I.G.C.-Srl-RA-SCAD2027.pdf\" target=\"_blank\" aria-label=\"logo-fsc-big\" rel=\"noopener noreferrer\"><img decoding=\"async\" width=\"98\" height=\"150\" src=\"https:\/\/manias.it\/wp-content\/uploads\/2024\/08\/logo-fsc-big.jpg\" alt class=\"img-responsive wp-image-388\"\/><\/a><\/span><\/div><\/div><\/div><div class=\"fusion-layout-column fusion_builder_column fusion-builder-column-5 fusion_builder_column_1_2 1_2 fusion-flex-column\" style=\"--awb-bg-size:cover;--awb-transform-origin:26% 49%;--awb-transition:filter 900ms ease, transform 900ms ease, background-color 900ms ease, border-color 900ms ease;--awb-width-large:50%;--awb-margin-top-large:0px;--awb-spacing-right-large:0px;--awb-margin-bottom-large:0px;--awb-spacing-left-large:0px;--awb-width-medium:50%;--awb-order-medium:0;--awb-spacing-right-medium:0px;--awb-spacing-left-medium:0px;--awb-width-small:100%;--awb-order-small:0;--awb-spacing-right-small:0px;--awb-spacing-left-small:0px;\"><div class=\"fusion-column-wrapper fusion-column-has-shadow fusion-flex-justify-content-flex-start fusion-content-layout-column\"><div class=\"fusion-image-element \" style=\"--awb-caption-title-font-family:var(--h2_typography-font-family);--awb-caption-title-font-weight:var(--h2_typography-font-weight);--awb-caption-title-font-style:var(--h2_typography-font-style);--awb-caption-title-size:var(--h2_typography-font-size);--awb-caption-title-transform:var(--h2_typography-text-transform);--awb-caption-title-line-height:var(--h2_typography-line-height);--awb-caption-title-letter-spacing:var(--h2_typography-letter-spacing);\"><span class=\" fusion-imageframe imageframe-none imageframe-4 hover-type-none fusion-animated\" data-animationType=\"fadeInRight\" data-animationDuration=\"0.9\" data-animationDelay=\"0.5\" data-animationOffset=\"top-into-view\"><img decoding=\"async\" width=\"800\" height=\"800\" title=\"scatole-per-vino-manias\" src=\"https:\/\/manias.it\/wp-content\/uploads\/2024\/07\/scatole-per-vino-manias.webp\" alt class=\"img-responsive wp-image-110\" srcset=\"https:\/\/manias.it\/wp-content\/uploads\/2024\/07\/scatole-per-vino-manias-66x66.webp 66w, https:\/\/manias.it\/wp-content\/uploads\/2024\/07\/scatole-per-vino-manias-150x150.webp 150w, https:\/\/manias.it\/wp-content\/uploads\/2024\/07\/scatole-per-vino-manias-200x200.webp 200w, https:\/\/manias.it\/wp-content\/uploads\/2024\/07\/scatole-per-vino-manias-300x300.webp 300w, https:\/\/manias.it\/wp-content\/uploads\/2024\/07\/scatole-per-vino-manias-400x400.webp 400w, https:\/\/manias.it\/wp-content\/uploads\/2024\/07\/scatole-per-vino-manias-600x600.webp 600w, https:\/\/manias.it\/wp-content\/uploads\/2024\/07\/scatole-per-vino-manias-768x768.webp 768w, https:\/\/manias.it\/wp-content\/uploads\/2024\/07\/scatole-per-vino-manias.webp 800w\" sizes=\"(max-width: 640px) 100vw, 800px\" \/><\/span><\/div><\/div><\/div><\/div><\/div>\n<\/p>\n","protected":false},"excerpt":{"rendered":"","protected":false},"author":1,"featured_media":0,"parent":0,"menu_order":0,"comment_status":"closed","ping_status":"closed","template":"100-width.php","meta":{"_monsterinsights_skip_tracking":false,"_monsterinsights_sitenote_active":false,"_monsterinsights_sitenote_note":"","_monsterinsights_sitenote_category":0,"_uf_show_specific_survey":0,"_uf_disable_surveys":false,"footnotes":""},"class_list":["post-374","page","type-page","status-publish","hentry"],"aioseo_notices":[],"_links":{"self":[{"href":"https:\/\/manias.it\/index.php\/wp-json\/wp\/v2\/pages\/374","targetHints":{"allow":["GET"]}}],"collection":[{"href":"https:\/\/manias.it\/index.php\/wp-json\/wp\/v2\/pages"}],"about":[{"href":"https:\/\/manias.it\/index.php\/wp-json\/wp\/v2\/types\/page"}],"author":[{"embeddable":true,"href":"https:\/\/manias.it\/index.php\/wp-json\/wp\/v2\/users\/1"}],"replies":[{"embeddable":true,"href":"https:\/\/manias.it\/index.php\/wp-json\/wp\/v2\/comments?post=374"}],"version-history":[{"count":7,"href":"https:\/\/manias.it\/index.php\/wp-json\/wp\/v2\/pages\/374\/revisions"}],"predecessor-version":[{"id":390,"href":"https:\/\/manias.it\/index.php\/wp-json\/wp\/v2\/pages\/374\/revisions\/390"}],"wp:attachment":[{"href":"https:\/\/manias.it\/index.php\/wp-json\/wp\/v2\/media?parent=374"}],"curies":[{"name":"wp","href":"https:\/\/api.w.org\/{rel}","templated":true}]}}