{"id":315,"date":"2024-08-26T15:45:56","date_gmt":"2024-08-26T15:45:56","guid":{"rendered":"https:\/\/manias.it\/?page_id=315"},"modified":"2024-09-06T12:53:54","modified_gmt":"2024-09-06T12:53:54","slug":"manias-azienda","status":"publish","type":"page","link":"https:\/\/manias.it\/index.php\/manias-azienda\/","title":{"rendered":"Manias Azienda"},"content":{"rendered":"<p><div class=\"fusion-fullwidth fullwidth-box fusion-builder-row-1 fusion-flex-container has-pattern-background has-mask-background nonhundred-percent-fullwidth non-hundred-percent-height-scrolling\" style=\"--awb-border-radius-top-left:0px;--awb-border-radius-top-right:0px;--awb-border-radius-bottom-right:0px;--awb-border-radius-bottom-left:0px;--awb-background-color:var(--awb-color3);--awb-flex-wrap:wrap;\" ><div class=\"fusion-builder-row fusion-row fusion-flex-align-items-flex-start fusion-flex-justify-content-center fusion-flex-content-wrap\" style=\"max-width:1248px;margin-left: calc(-4% \/ 2 );margin-right: calc(-4% \/ 2 );\"><div class=\"fusion-layout-column fusion_builder_column fusion-builder-column-0 fusion_builder_column_1_1 1_1 fusion-flex-column\" style=\"--awb-bg-size:cover;--awb-width-large:100%;--awb-margin-top-large:37px;--awb-spacing-right-large:5.952%;--awb-margin-bottom-large:37px;--awb-spacing-left-large:5.76%;--awb-width-medium:100%;--awb-order-medium:0;--awb-spacing-right-medium:5.952%;--awb-spacing-left-medium:5.76%;--awb-width-small:100%;--awb-order-small:0;--awb-spacing-right-small:1.92%;--awb-spacing-left-small:1.92%;\"><div class=\"fusion-column-wrapper fusion-column-has-shadow fusion-flex-justify-content-flex-start fusion-content-layout-column\"><div class=\"fusion-image-element \" style=\"--awb-caption-title-font-family:var(--h2_typography-font-family);--awb-caption-title-font-weight:var(--h2_typography-font-weight);--awb-caption-title-font-style:var(--h2_typography-font-style);--awb-caption-title-size:var(--h2_typography-font-size);--awb-caption-title-transform:var(--h2_typography-text-transform);--awb-caption-title-line-height:var(--h2_typography-line-height);--awb-caption-title-letter-spacing:var(--h2_typography-letter-spacing);\"><span class=\" fusion-imageframe imageframe-none imageframe-1 hover-type-none\"><img decoding=\"async\" width=\"1800\" height=\"679\" title=\"stabilimento_manias_cartotecnica\" src=\"https:\/\/manias.it\/wp-content\/uploads\/2024\/08\/stabilimento_manias_cartotecnica.webp\" alt class=\"img-responsive wp-image-341\" srcset=\"https:\/\/manias.it\/wp-content\/uploads\/2024\/08\/stabilimento_manias_cartotecnica-200x75.webp 200w, https:\/\/manias.it\/wp-content\/uploads\/2024\/08\/stabilimento_manias_cartotecnica-300x113.webp 300w, https:\/\/manias.it\/wp-content\/uploads\/2024\/08\/stabilimento_manias_cartotecnica-400x151.webp 400w, https:\/\/manias.it\/wp-content\/uploads\/2024\/08\/stabilimento_manias_cartotecnica-600x226.webp 600w, https:\/\/manias.it\/wp-content\/uploads\/2024\/08\/stabilimento_manias_cartotecnica-768x290.webp 768w, https:\/\/manias.it\/wp-content\/uploads\/2024\/08\/stabilimento_manias_cartotecnica-800x302.webp 800w, https:\/\/manias.it\/wp-content\/uploads\/2024\/08\/stabilimento_manias_cartotecnica-1024x386.webp 1024w, https:\/\/manias.it\/wp-content\/uploads\/2024\/08\/stabilimento_manias_cartotecnica-1200x453.webp 1200w, https:\/\/manias.it\/wp-content\/uploads\/2024\/08\/stabilimento_manias_cartotecnica-1536x579.webp 1536w, https:\/\/manias.it\/wp-content\/uploads\/2024\/08\/stabilimento_manias_cartotecnica.webp 1800w\" sizes=\"(max-width: 640px) 100vw, 1200px\" \/><\/span><\/div><\/div><\/div><\/div><\/div><div class=\"fusion-fullwidth fullwidth-box fusion-builder-row-2 fusion-flex-container has-pattern-background has-mask-background nonhundred-percent-fullwidth non-hundred-percent-height-scrolling\" style=\"--awb-border-radius-top-left:0px;--awb-border-radius-top-right:0px;--awb-border-radius-bottom-right:0px;--awb-border-radius-bottom-left:0px;--awb-background-color:var(--awb-color3);--awb-flex-wrap:wrap;\" ><div class=\"fusion-builder-row fusion-row fusion-flex-align-items-flex-start fusion-flex-justify-content-center fusion-flex-content-wrap\" style=\"max-width:1248px;margin-left: calc(-4% \/ 2 );margin-right: calc(-4% \/ 2 );\"><div class=\"fusion-layout-column fusion_builder_column fusion-builder-column-1 fusion_builder_column_4_5 4_5 fusion-flex-column\" style=\"--awb-bg-size:cover;--awb-width-large:80%;--awb-margin-top-large:37px;--awb-spacing-right-large:7.44%;--awb-margin-bottom-large:37px;--awb-spacing-left-large:7.2%;--awb-width-medium:80%;--awb-order-medium:0;--awb-spacing-right-medium:7.44%;--awb-spacing-left-medium:7.2%;--awb-width-small:100%;--awb-order-small:0;--awb-spacing-right-small:1.92%;--awb-spacing-left-small:1.92%;\"><div class=\"fusion-column-wrapper fusion-column-has-shadow fusion-flex-justify-content-flex-start fusion-content-layout-column\"><div class=\"fusion-title title fusion-title-1 fusion-sep-none fusion-title-center fusion-title-text fusion-title-size-one\"><h1 class=\"fusion-title-heading title-heading-center\" style=\"margin:0;\">Cartotecnica Manias,<br \/>\nun partner affidabile<\/h1><\/div><div class=\"fusion-text fusion-text-1\" style=\"--awb-content-alignment:center;\"><p>La Manias I.G.C., operante gi\u00e0 dal 1958, prima come realt\u00e0 artigiana e dal 1985 come s.r.l., si avvale di una qualificata ed esperta equipe di tecnici, requisito indispensabile per poter stare sul mercato in modo concorrenziale.<br \/>\nL&#8217;attivit\u00e0 si svolge ad Azzano Decimo &#8211; Pordenone su un&#8217;area di 10.000 mq. di cui 6.000 coperti suddivisi in 3.500 mq. per il reparto produttivo ed il rimanente per lo stoccaggio delle materie prime e dei prodotti finiti del cliente.<br \/>\nLa produzione verte per il 50% nella trasformazione del cartoncino teso ed il rimanente nella trasformazione del cartoncino accoppiato a micro-onda scoperta e a cartone ondulato. Il tutto viene svolto all&#8217;interno della nostra azienda tramite le pi\u00f9 moderne macchine stampa offset pluricolore &#8220;Roland905 e KBA &#8220;, fustellatrici automatiche&#8221; Bobst&#8221;, accoppiatrici e macchine piegaincolla computerizzate.<\/p>\n<\/div><div class=\"fusion-counters-box counters-box row fusion-clearfix fusion-columns-4\" style=\"--awb-color:var(--awb-color5);--awb-title-size:37;\"><div class=\"fusion-counter-box fusion-column col-counter-box counter-box-wrapper col-lg-3 col-md-3 col-sm-3\" data-animationOffset=\"top-into-view\"><div class=\"counter-box-container\"><div class=\"content-box-percentage content-box-counter\"><span class=\"display-counter\" data-value=\"10000\" data-direction=\"up\" data-decimals=\"0\">0<\/span><span class=\"unit\">mq<\/span><\/div><div class=\"counter-box-content\">AREA SCOPERTA<\/div><\/div><\/div><div class=\"fusion-counter-box fusion-column col-counter-box counter-box-wrapper col-lg-3 col-md-3 col-sm-3\" data-animationOffset=\"top-into-view\"><div class=\"counter-box-container\"><div class=\"content-box-percentage content-box-counter\"><span class=\"display-counter\" data-value=\"2500\" data-direction=\"up\" data-decimals=\"0\">0<\/span><span class=\"unit\">mq<\/span><\/div><div class=\"counter-box-content\">AREA MAGAZZINO<\/div><\/div><\/div><div class=\"fusion-counter-box fusion-column col-counter-box counter-box-wrapper col-lg-3 col-md-3 col-sm-3\" data-animationOffset=\"top-into-view\"><div class=\"counter-box-container\"><div class=\"content-box-percentage content-box-counter\"><span class=\"display-counter\" data-value=\"3500\" data-direction=\"up\" data-decimals=\"0\">0<\/span><span class=\"unit\">mq<\/span><\/div><div class=\"counter-box-content\">AREA PRODUTTIVA<\/div><\/div><\/div><div class=\"fusion-counter-box fusion-column col-counter-box counter-box-wrapper col-lg-3 col-md-3 col-sm-3\" data-animationOffset=\"top-into-view\"><div class=\"counter-box-container\"><div class=\"content-box-percentage content-box-counter\"><span class=\"display-counter\" data-value=\"6000\" data-direction=\"up\" data-decimals=\"0\">0<\/span><span class=\"unit\">mq<\/span><\/div><div class=\"counter-box-content\">AREA COPERTA<\/div><\/div><\/div><\/div><div class=\"fusion-separator fusion-full-width-sep\" style=\"align-self: center;margin-left: auto;margin-right: auto;margin-top:10px;margin-bottom:30px;width:100%;\"><div class=\"fusion-separator-border sep-single sep-solid\" style=\"--awb-height:20px;--awb-amount:20px;--awb-sep-color:var(--awb-custom_color_1);border-color:var(--awb-custom_color_1);border-top-width:1px;\"><\/div><\/div><\/div><\/div><\/div><\/div><div class=\"fusion-fullwidth fullwidth-box fusion-builder-row-3 fusion-flex-container has-pattern-background has-mask-background nonhundred-percent-fullwidth non-hundred-percent-height-scrolling\" style=\"--awb-border-radius-top-left:0px;--awb-border-radius-top-right:0px;--awb-border-radius-bottom-right:0px;--awb-border-radius-bottom-left:0px;--awb-background-color:var(--awb-color3);--awb-flex-wrap:wrap;\" id=\"storia\" ><div class=\"fusion-builder-row fusion-row fusion-flex-align-items-flex-start fusion-flex-justify-content-space-between fusion-flex-content-wrap\" style=\"max-width:1248px;margin-left: calc(-4% \/ 2 );margin-right: calc(-4% \/ 2 );\"><div class=\"fusion-layout-column fusion_builder_column fusion-builder-column-2 fusion_builder_column_2_3 2_3 fusion-flex-column\" style=\"--awb-bg-size:cover;--awb-width-large:66.666666666667%;--awb-margin-top-large:37px;--awb-spacing-right-large:8.928%;--awb-margin-bottom-large:37px;--awb-spacing-left-large:8.64%;--awb-width-medium:66.666666666667%;--awb-order-medium:0;--awb-spacing-right-medium:8.928%;--awb-spacing-left-medium:8.64%;--awb-width-small:100%;--awb-order-small:0;--awb-spacing-right-small:1.92%;--awb-spacing-left-small:1.92%;\"><div class=\"fusion-column-wrapper fusion-column-has-shadow fusion-flex-justify-content-flex-start fusion-content-layout-column\"><div class=\"fusion-title title fusion-title-2 fusion-sep-none fusion-title-text fusion-title-size-one\"><h1 class=\"fusion-title-heading title-heading-left\" style=\"margin:0;\">Inchiostro, carta e ingegno: la nostra storia dal 1956<\/h1><\/div><div class=\"fusion-text fusion-text-2\"><p>La nostra storia nasce dalla passione per la qualit\u00e0 e l\u2019innovazione nel mondo della cartotecnica. Fondata\u00a0 70 anni fa, la nostra azienda ha iniziato come una piccola impresa creata nel garage del fondatore <span class=\"s1\">Enzo Antonio Manias<\/span>, che vi si dedica nelle ore dopo il lavoro nella cartiera Galvani.\u00a0 Grazie al suo impegno l&#8217;azienda diventa una impresa artigiana nel 1958 e apre in una sede dedicata. Con il passare del tempo, siamo cresciuti, investendo in tecnologie all\u2019avanguardia e ampliando la nostra gamma di servizi per rispondere alle esigenze di un mercato in continua evoluzione. Oggi, siamo un punto di riferimento nel settore, offrendo prodotti che combinano estetica, funzionalit\u00e0 e sostenibilit\u00e0. La nostra missione \u00e8 fornire ai clienti soluzioni cartotecniche che non solo proteggono e presentano i loro prodotti in modo impeccabile, ma che riflettono anche i loro valori e la loro identit\u00e0 di marca. Con una forte attenzione all\u2019ambiente e una costante ricerca dell\u2019eccellenza, continuiamo a innovare e a crescere, mantenendo sempre al centro la soddisfazione dei nostri clienti.<\/p>\n<\/div><\/div><\/div><div class=\"fusion-layout-column fusion_builder_column fusion-builder-column-3 fusion_builder_column_1_3 1_3 fusion-flex-column\" style=\"--awb-bg-size:cover;--awb-width-large:33.333333333333%;--awb-margin-top-large:37px;--awb-spacing-right-large:17.856%;--awb-margin-bottom-large:37px;--awb-spacing-left-large:17.28%;--awb-width-medium:33.333333333333%;--awb-order-medium:0;--awb-spacing-right-medium:17.856%;--awb-spacing-left-medium:17.28%;--awb-width-small:100%;--awb-order-small:0;--awb-spacing-right-small:1.92%;--awb-spacing-left-small:1.92%;\"><div class=\"fusion-column-wrapper fusion-column-has-shadow fusion-flex-justify-content-flex-start fusion-content-layout-column\"><div class=\"fusion-image-element \" style=\"--awb-aspect-ratio:9 \/ 16;--awb-object-position:64% 65%;--awb-caption-title-font-family:var(--h2_typography-font-family);--awb-caption-title-font-weight:var(--h2_typography-font-weight);--awb-caption-title-font-style:var(--h2_typography-font-style);--awb-caption-title-size:var(--h2_typography-font-size);--awb-caption-title-transform:var(--h2_typography-text-transform);--awb-caption-title-line-height:var(--h2_typography-line-height);--awb-caption-title-letter-spacing:var(--h2_typography-letter-spacing);\"><span class=\" fusion-imageframe imageframe-none imageframe-2 hover-type-none has-aspect-ratio\"><img decoding=\"async\" width=\"1000\" height=\"667\" title=\"AdobeStock_79869305_Preview\" src=\"https:\/\/manias.it\/wp-content\/uploads\/2024\/08\/AdobeStock_79869305_Preview.jpeg\" class=\"img-responsive wp-image-321 img-with-aspect-ratio\" alt srcset=\"https:\/\/manias.it\/wp-content\/uploads\/2024\/08\/AdobeStock_79869305_Preview-200x133.jpeg 200w, https:\/\/manias.it\/wp-content\/uploads\/2024\/08\/AdobeStock_79869305_Preview-400x267.jpeg 400w, https:\/\/manias.it\/wp-content\/uploads\/2024\/08\/AdobeStock_79869305_Preview-600x400.jpeg 600w, https:\/\/manias.it\/wp-content\/uploads\/2024\/08\/AdobeStock_79869305_Preview-800x534.jpeg 800w, https:\/\/manias.it\/wp-content\/uploads\/2024\/08\/AdobeStock_79869305_Preview.jpeg 1000w\" sizes=\"(max-width: 640px) 100vw, 400px\" \/><\/span><\/div><\/div><\/div><\/div><\/div><div class=\"fusion-fullwidth fullwidth-box fusion-builder-row-4 fusion-flex-container has-pattern-background has-mask-background nonhundred-percent-fullwidth non-hundred-percent-height-scrolling\" style=\"--awb-border-radius-top-left:0px;--awb-border-radius-top-right:0px;--awb-border-radius-bottom-right:0px;--awb-border-radius-bottom-left:0px;--awb-background-color:var(--awb-color3);--awb-flex-wrap:wrap;\" ><div class=\"fusion-builder-row fusion-row fusion-flex-align-items-flex-start fusion-flex-justify-content-space-between fusion-flex-content-wrap\" style=\"max-width:1248px;margin-left: calc(-4% \/ 2 );margin-right: calc(-4% \/ 2 );\"><div class=\"fusion-layout-column fusion_builder_column fusion-builder-column-4 fusion_builder_column_1_1 1_1 fusion-flex-column\" style=\"--awb-bg-size:cover;--awb-width-large:100%;--awb-margin-top-large:37px;--awb-spacing-right-large:5.952%;--awb-margin-bottom-large:37px;--awb-spacing-left-large:5.76%;--awb-width-medium:100%;--awb-order-medium:0;--awb-spacing-right-medium:5.952%;--awb-spacing-left-medium:5.76%;--awb-width-small:100%;--awb-order-small:0;--awb-spacing-right-small:1.92%;--awb-spacing-left-small:1.92%;\"><div class=\"fusion-column-wrapper fusion-column-has-shadow fusion-flex-justify-content-flex-start fusion-content-layout-column\"><div class=\"accordian fusion-accordian\" style=\"--awb-border-size:1px;--awb-icon-size:16px;--awb-content-font-size:var(--awb-typography4-font-size);--awb-icon-alignment:left;--awb-hover-color:var(--awb-color2);--awb-border-color:var(--awb-color3);--awb-background-color:var(--awb-color1);--awb-divider-color:var(--awb-color3);--awb-divider-hover-color:var(--awb-color3);--awb-icon-color:var(--awb-color1);--awb-title-color:var(--awb-color8);--awb-content-color:var(--awb-color8);--awb-icon-box-color:var(--awb-color8);--awb-toggle-hover-accent-color:var(--awb-color5);--awb-title-font-family:var(--awb-typography1-font-family);--awb-title-font-weight:var(--awb-typography1-font-weight);--awb-title-font-style:var(--awb-typography1-font-style);--awb-title-font-size:16px;--awb-content-font-family:var(--awb-typography4-font-family);--awb-content-font-weight:var(--awb-typography4-font-weight);--awb-content-font-style:var(--awb-typography4-font-style);\"><div class=\"panel-group fusion-toggle-icon-boxed\" id=\"accordion-315-1\"><div class=\"fusion-panel panel-default panel-7db1d6c8d5533e758 fusion-toggle-has-divider\" style=\"--awb-title-color:var(--awb-color8);\"><div class=\"panel-heading\"><h4 class=\"panel-title toggle\" id=\"toggle_7db1d6c8d5533e758\"><a aria-expanded=\"false\" aria-controls=\"7db1d6c8d5533e758\" role=\"button\" data-toggle=\"collapse\" data-parent=\"#accordion-315-1\" data-target=\"#7db1d6c8d5533e758\" href=\"#7db1d6c8d5533e758\"><span class=\"fusion-toggle-icon-wrapper\" aria-hidden=\"true\"><i class=\"fa-fusion-box active-icon awb-icon-minus\" aria-hidden=\"true\"><\/i><i class=\"fa-fusion-box inactive-icon awb-icon-plus\" aria-hidden=\"true\"><\/i><\/span><span class=\"fusion-toggle-heading\">1956 - La nascita di Manias<\/span><\/a><\/h4><\/div><div id=\"7db1d6c8d5533e758\" class=\"panel-collapse collapse \" aria-labelledby=\"toggle_7db1d6c8d5533e758\"><div class=\"panel-body toggle-content fusion-clearfix\">\n<p class=\"p1\"><span class=\"s1\">La Cartotecnica Manias venne fondata nel 1956 da <\/span><span class=\"s1\">Enzo Antonio Manias, da tutti conosciuto come Tino, che era<\/span><span class=\"s1\"> caporeparto alla cartiera Galvani, una grossa realt\u00e0 fin dal dopoguerra. Decise di dare avvio alla sua attivit\u00e0 inizialmente in una rimessa, accanto a casa sua; compr\u00f2 macchinari e attrezzature per fare scatole in cartoncino per la maglieria. Era un secondo lavoro; vi si dedicava nelle ore libere dai turni che faceva in Cartiera, anche la sera.<\/span><\/p>\n<\/div><\/div><\/div><div class=\"fusion-panel panel-default panel-46c3ae5bfcf464952 fusion-toggle-has-divider\" style=\"--awb-title-color:var(--awb-color8);\"><div class=\"panel-heading\"><h4 class=\"panel-title toggle\" id=\"toggle_46c3ae5bfcf464952\"><a aria-expanded=\"false\" aria-controls=\"46c3ae5bfcf464952\" role=\"button\" data-toggle=\"collapse\" data-parent=\"#accordion-315-1\" data-target=\"#46c3ae5bfcf464952\" href=\"#46c3ae5bfcf464952\"><span class=\"fusion-toggle-icon-wrapper\" aria-hidden=\"true\"><i class=\"fa-fusion-box active-icon awb-icon-minus\" aria-hidden=\"true\"><\/i><i class=\"fa-fusion-box inactive-icon awb-icon-plus\" aria-hidden=\"true\"><\/i><\/span><span class=\"fusion-toggle-heading\">1958 - La nascita della azienda artigiana<\/span><\/a><\/h4><\/div><div id=\"46c3ae5bfcf464952\" class=\"panel-collapse collapse \" aria-labelledby=\"toggle_46c3ae5bfcf464952\"><div class=\"panel-body toggle-content fusion-clearfix\">\n<p class=\"p1\"><span class=\"s1\">L&#8217;azienda grazie alla dedizione di Tino crebbe e dal 1958 apr\u00ec i battenti come azienda artigiana in localit\u00e0 Le Fratte, poi in via Trieste e poi in via Saba.<\/span><\/p>\n<\/div><\/div><\/div><div class=\"fusion-panel panel-default panel-5dc718ecb4c1cdee6 fusion-toggle-has-divider\" style=\"--awb-title-color:var(--awb-color8);\"><div class=\"panel-heading\"><h4 class=\"panel-title toggle\" id=\"toggle_5dc718ecb4c1cdee6\"><a aria-expanded=\"false\" aria-controls=\"5dc718ecb4c1cdee6\" role=\"button\" data-toggle=\"collapse\" data-parent=\"#accordion-315-1\" data-target=\"#5dc718ecb4c1cdee6\" href=\"#5dc718ecb4c1cdee6\"><span class=\"fusion-toggle-icon-wrapper\" aria-hidden=\"true\"><i class=\"fa-fusion-box active-icon awb-icon-minus\" aria-hidden=\"true\"><\/i><i class=\"fa-fusion-box inactive-icon awb-icon-plus\" aria-hidden=\"true\"><\/i><\/span><span class=\"fusion-toggle-heading\">1985 - Societ\u00e0 di capitali<\/span><\/a><\/h4><\/div><div id=\"5dc718ecb4c1cdee6\" class=\"panel-collapse collapse \" aria-labelledby=\"toggle_5dc718ecb4c1cdee6\"><div class=\"panel-body toggle-content fusion-clearfix\">\n<p class=\"p1\"><span class=\"s1\">Nel 1985 l&#8217;azienda si trasferisce in via Peperate, dove ci troviamo, e si trasforma in una societ\u00e0 di capitali, ed \u00e8 principalmente una t<\/span><span class=\"s1\">ipografia, che produce epigrafi, annunci vari, blocchi per fatture e buste. <\/span><\/p>\n<\/div><\/div><\/div><div class=\"fusion-panel panel-default panel-b2813c474cba23720 fusion-toggle-has-divider\" style=\"--awb-title-color:var(--awb-color8);\"><div class=\"panel-heading\"><h4 class=\"panel-title toggle\" id=\"toggle_b2813c474cba23720\"><a aria-expanded=\"false\" aria-controls=\"b2813c474cba23720\" role=\"button\" data-toggle=\"collapse\" data-parent=\"#accordion-315-1\" data-target=\"#b2813c474cba23720\" href=\"#b2813c474cba23720\"><span class=\"fusion-toggle-icon-wrapper\" aria-hidden=\"true\"><i class=\"fa-fusion-box active-icon awb-icon-minus\" aria-hidden=\"true\"><\/i><i class=\"fa-fusion-box inactive-icon awb-icon-plus\" aria-hidden=\"true\"><\/i><\/span><span class=\"fusion-toggle-heading\">Anni 2000 - diventa cartotecnica<\/span><\/a><\/h4><\/div><div id=\"b2813c474cba23720\" class=\"panel-collapse collapse \" aria-labelledby=\"toggle_b2813c474cba23720\"><div class=\"panel-body toggle-content fusion-clearfix\">\n<p class=\"p1\"><span class=\"s1\">Oggi Manias \u00e8 specializzata nel packaging: lavoriamo in tutti i settori, ma specialmente in quello delle bevande, degli alcolici e alimentare. Siamo stati capaci di trovare dei mercati esteri: il 52% del nostro fatturato lo facciamo grazie all&#8217;export, soprattutto in Austria, Francia e Tunisia. Inoltre cerchiamo di stare al passo con i tempi, in un settore in continua evoluzione. Ci\u00f2 significa anche investimento in nuovi macchinari.<\/span><\/p>\n<\/div><\/div><\/div><\/div><\/div><\/div><\/div><\/div><\/div><\/p>\n","protected":false},"excerpt":{"rendered":"","protected":false},"author":1,"featured_media":0,"parent":0,"menu_order":0,"comment_status":"closed","ping_status":"closed","template":"100-width.php","meta":{"_monsterinsights_skip_tracking":false,"_monsterinsights_sitenote_active":false,"_monsterinsights_sitenote_note":"","_monsterinsights_sitenote_category":0,"_uf_show_specific_survey":0,"_uf_disable_surveys":false,"footnotes":""},"class_list":["post-315","page","type-page","status-publish","hentry"],"aioseo_notices":[],"_links":{"self":[{"href":"https:\/\/manias.it\/index.php\/wp-json\/wp\/v2\/pages\/315","targetHints":{"allow":["GET"]}}],"collection":[{"href":"https:\/\/manias.it\/index.php\/wp-json\/wp\/v2\/pages"}],"about":[{"href":"https:\/\/manias.it\/index.php\/wp-json\/wp\/v2\/types\/page"}],"author":[{"embeddable":true,"href":"https:\/\/manias.it\/index.php\/wp-json\/wp\/v2\/users\/1"}],"replies":[{"embeddable":true,"href":"https:\/\/manias.it\/index.php\/wp-json\/wp\/v2\/comments?post=315"}],"version-history":[{"count":13,"href":"https:\/\/manias.it\/index.php\/wp-json\/wp\/v2\/pages\/315\/revisions"}],"predecessor-version":[{"id":369,"href":"https:\/\/manias.it\/index.php\/wp-json\/wp\/v2\/pages\/315\/revisions\/369"}],"wp:attachment":[{"href":"https:\/\/manias.it\/index.php\/wp-json\/wp\/v2\/media?parent=315"}],"curies":[{"name":"wp","href":"https:\/\/api.w.org\/{rel}","templated":true}]}}